{"id":4769,"date":"2026-03-17T11:27:55","date_gmt":"2026-03-17T10:27:55","guid":{"rendered":"https:\/\/www.greenenergywoodpellets.com\/?page_id=4769"},"modified":"2026-03-17T11:43:13","modified_gmt":"2026-03-17T10:43:13","slug":"pellets-kopen-belgie","status":"publish","type":"page","link":"https:\/\/www.greenenergywoodpellets.com\/be\/pellets-kopen-belgie\/","title":{"rendered":"Pellets kopen Belgi\u00eb"},"content":{"rendered":"","protected":false},"excerpt":{"rendered":"","protected":false},"author":4,"featured_media":0,"parent":0,"menu_order":0,"comment_status":"closed","ping_status":"closed","template":"","meta":{"_acf_changed":false,"footnotes":""},"class_list":["post-4769","page","type-page","status-publish","hentry"],"acf":[],"yoast_head":"<!-- This site is optimized with the Yoast SEO plugin v27.2 - https:\/\/yoast.com\/product\/yoast-seo-wordpress\/ -->\n<title>Pellets kopen Belgi\u00eb - Green Energy Wood Pellets<\/title>\n<meta name=\"description\" content=\"Pellets kopen Belgi\u00eb Pellets kopen in Belgi\u00eb? Ontdek premium DINplus A1 pellets met snelle levering in heel Belgi\u00eb. Bestel direct en bespaar.\" \/>\n<meta name=\"robots\" content=\"index, follow, max-snippet:-1, max-image-preview:large, max-video-preview:-1\" \/>\n<link rel=\"canonical\" href=\"https:\/\/www.greenenergywoodpellets.com\/be\/pellets-kopen-belgie\/\" \/>\n<meta property=\"og:locale\" content=\"nl_BE\" \/>\n<meta property=\"og:type\" content=\"article\" \/>\n<meta property=\"og:title\" content=\"Pellets kopen Belgi\u00eb - Green Energy Wood Pellets\" \/>\n<meta property=\"og:description\" content=\"Pellets kopen Belgi\u00eb Pellets kopen in Belgi\u00eb? Ontdek premium DINplus A1 pellets met snelle levering in heel Belgi\u00eb. Bestel direct en bespaar.\" \/>\n<meta property=\"og:url\" content=\"https:\/\/www.greenenergywoodpellets.com\/be\/pellets-kopen-belgie\/\" \/>\n<meta property=\"og:site_name\" content=\"Green Energy Wood Pellets\" \/>\n<meta property=\"article:modified_time\" content=\"2026-03-17T10:43:13+00:00\" \/>\n<meta name=\"twitter:card\" content=\"summary_large_image\" \/>\n<meta name=\"twitter:label1\" content=\"Geschatte leestijd\" \/>\n\t<meta name=\"twitter:data1\" content=\"3 minuten\" \/>\n<!-- \/ Yoast SEO plugin. -->","yoast_head_json":{"title":"Pellets kopen Belgi\u00eb - Green Energy Wood Pellets","description":"Pellets kopen Belgi\u00eb Pellets kopen in Belgi\u00eb? Ontdek premium DINplus A1 pellets met snelle levering in heel Belgi\u00eb. Bestel direct en bespaar.","robots":{"index":"index","follow":"follow","max-snippet":"max-snippet:-1","max-image-preview":"max-image-preview:large","max-video-preview":"max-video-preview:-1"},"canonical":"https:\/\/www.greenenergywoodpellets.com\/be\/pellets-kopen-belgie\/","og_locale":"nl_BE","og_type":"article","og_title":"Pellets kopen Belgi\u00eb - Green Energy Wood Pellets","og_description":"Pellets kopen Belgi\u00eb Pellets kopen in Belgi\u00eb? Ontdek premium DINplus A1 pellets met snelle levering in heel Belgi\u00eb. Bestel direct en bespaar.","og_url":"https:\/\/www.greenenergywoodpellets.com\/be\/pellets-kopen-belgie\/","og_site_name":"Green Energy Wood Pellets","article_modified_time":"2026-03-17T10:43:13+00:00","twitter_card":"summary_large_image","twitter_misc":{"Geschatte leestijd":"3 minuten"},"schema":{"@context":"https:\/\/schema.org","@graph":[{"@type":"WebPage","@id":"https:\/\/www.greenenergywoodpellets.com\/be\/pellets-kopen-belgie\/","url":"https:\/\/www.greenenergywoodpellets.com\/be\/pellets-kopen-belgie\/","name":"Pellets kopen Belgi\u00eb - Green Energy Wood Pellets","isPartOf":{"@id":"https:\/\/www.greenenergywoodpellets.com\/be\/#website"},"datePublished":"2026-03-17T10:27:55+00:00","dateModified":"2026-03-17T10:43:13+00:00","description":"Pellets kopen Belgi\u00eb Pellets kopen in Belgi\u00eb? Ontdek premium DINplus A1 pellets met snelle levering in heel Belgi\u00eb. Bestel direct en bespaar.","inLanguage":"nl-BE","potentialAction":[{"@type":"ReadAction","target":["https:\/\/www.greenenergywoodpellets.com\/be\/pellets-kopen-belgie\/"]}]},{"@type":"WebSite","@id":"https:\/\/www.greenenergywoodpellets.com\/be\/#website","url":"https:\/\/www.greenenergywoodpellets.com\/be\/","name":"Green Energy Wood Pellets","description":"Green Energy Wood Pellets","potentialAction":[{"@type":"SearchAction","target":{"@type":"EntryPoint","urlTemplate":"https:\/\/www.greenenergywoodpellets.com\/be\/?s={search_term_string}"},"query-input":{"@type":"PropertyValueSpecification","valueRequired":true,"valueName":"search_term_string"}}],"inLanguage":"nl-BE"}]}},"_links":{"self":[{"href":"https:\/\/www.greenenergywoodpellets.com\/be\/wp-json\/wp\/v2\/pages\/4769","targetHints":{"allow":["GET"]}}],"collection":[{"href":"https:\/\/www.greenenergywoodpellets.com\/be\/wp-json\/wp\/v2\/pages"}],"about":[{"href":"https:\/\/www.greenenergywoodpellets.com\/be\/wp-json\/wp\/v2\/types\/page"}],"author":[{"embeddable":true,"href":"https:\/\/www.greenenergywoodpellets.com\/be\/wp-json\/wp\/v2\/users\/4"}],"replies":[{"embeddable":true,"href":"https:\/\/www.greenenergywoodpellets.com\/be\/wp-json\/wp\/v2\/comments?post=4769"}],"version-history":[{"count":5,"href":"https:\/\/www.greenenergywoodpellets.com\/be\/wp-json\/wp\/v2\/pages\/4769\/revisions"}],"predecessor-version":[{"id":4777,"href":"https:\/\/www.greenenergywoodpellets.com\/be\/wp-json\/wp\/v2\/pages\/4769\/revisions\/4777"}],"wp:attachment":[{"href":"https:\/\/www.greenenergywoodpellets.com\/be\/wp-json\/wp\/v2\/media?parent=4769"}],"curies":[{"name":"wp","href":"https:\/\/api.w.org\/{rel}","templated":true}]}}