{"id":1536,"date":"2024-09-27T12:21:06","date_gmt":"2024-09-27T10:21:06","guid":{"rendered":"https:\/\/www.greenenergywoodpellets.com\/?page_id=1536"},"modified":"2024-09-27T13:09:15","modified_gmt":"2024-09-27T11:09:15","slug":"granules-de-bois","status":"publish","type":"page","link":"https:\/\/www.greenenergywoodpellets.com\/fr\/granules-de-bois\/","title":{"rendered":"Granul\u00e9s de bois"},"content":{"rendered":"","protected":false},"excerpt":{"rendered":"","protected":false},"author":4,"featured_media":0,"parent":0,"menu_order":0,"comment_status":"closed","ping_status":"closed","template":"","meta":{"_acf_changed":false,"footnotes":""},"class_list":["post-1536","page","type-page","status-publish","hentry"],"acf":[],"yoast_head":"<!-- This site is optimized with the Yoast SEO plugin v27.2 - https:\/\/yoast.com\/product\/yoast-seo-wordpress\/ -->\n<title>Granul\u00e9s de bois - Green Energy Wood Pellets<\/title>\n<meta name=\"description\" content=\"Commandez en grandes quantit\u00e9s, \u00e0 des prix comp\u00e9titifs ? \u2705 Qualit\u00e9 sup\u00e9rieure \u2705 Livraison rapide \u2705Direct du fabricant. Acheter en ce moment!\" \/>\n<meta name=\"robots\" content=\"index, follow, max-snippet:-1, max-image-preview:large, max-video-preview:-1\" \/>\n<link rel=\"canonical\" href=\"https:\/\/www.greenenergywoodpellets.com\/fr\/granules-de-bois\/\" \/>\n<meta property=\"og:locale\" content=\"fr_FR\" \/>\n<meta property=\"og:type\" content=\"article\" \/>\n<meta property=\"og:title\" content=\"Granul\u00e9s de bois - Green Energy Wood Pellets\" \/>\n<meta property=\"og:description\" content=\"Commandez en grandes quantit\u00e9s, \u00e0 des prix comp\u00e9titifs ? \u2705 Qualit\u00e9 sup\u00e9rieure \u2705 Livraison rapide \u2705Direct du fabricant. Acheter en ce moment!\" \/>\n<meta property=\"og:url\" content=\"https:\/\/www.greenenergywoodpellets.com\/fr\/granules-de-bois\/\" \/>\n<meta property=\"og:site_name\" content=\"Green Energy Wood Pellets\" \/>\n<meta property=\"article:modified_time\" content=\"2024-09-27T11:09:15+00:00\" \/>\n<meta name=\"twitter:card\" content=\"summary_large_image\" \/>\n<meta name=\"twitter:label1\" content=\"Dur\u00e9e de lecture estim\u00e9e\" \/>\n\t<meta name=\"twitter:data1\" content=\"2 minutes\" \/>\n<!-- \/ Yoast SEO plugin. -->","yoast_head_json":{"title":"Granul\u00e9s de bois - Green Energy Wood Pellets","description":"Commandez en grandes quantit\u00e9s, \u00e0 des prix comp\u00e9titifs ? \u2705 Qualit\u00e9 sup\u00e9rieure \u2705 Livraison rapide \u2705Direct du fabricant. Acheter en ce moment!","robots":{"index":"index","follow":"follow","max-snippet":"max-snippet:-1","max-image-preview":"max-image-preview:large","max-video-preview":"max-video-preview:-1"},"canonical":"https:\/\/www.greenenergywoodpellets.com\/fr\/granules-de-bois\/","og_locale":"fr_FR","og_type":"article","og_title":"Granul\u00e9s de bois - Green Energy Wood Pellets","og_description":"Commandez en grandes quantit\u00e9s, \u00e0 des prix comp\u00e9titifs ? \u2705 Qualit\u00e9 sup\u00e9rieure \u2705 Livraison rapide \u2705Direct du fabricant. Acheter en ce moment!","og_url":"https:\/\/www.greenenergywoodpellets.com\/fr\/granules-de-bois\/","og_site_name":"Green Energy Wood Pellets","article_modified_time":"2024-09-27T11:09:15+00:00","twitter_card":"summary_large_image","twitter_misc":{"Dur\u00e9e de lecture estim\u00e9e":"2 minutes"},"schema":{"@context":"https:\/\/schema.org","@graph":[{"@type":"WebPage","@id":"https:\/\/www.greenenergywoodpellets.com\/fr\/granules-de-bois\/","url":"https:\/\/www.greenenergywoodpellets.com\/fr\/granules-de-bois\/","name":"Granul\u00e9s de bois - Green Energy Wood Pellets","isPartOf":{"@id":"https:\/\/www.greenenergywoodpellets.com\/fr\/#website"},"datePublished":"2024-09-27T10:21:06+00:00","dateModified":"2024-09-27T11:09:15+00:00","description":"Commandez en grandes quantit\u00e9s, \u00e0 des prix comp\u00e9titifs ? \u2705 Qualit\u00e9 sup\u00e9rieure \u2705 Livraison rapide \u2705Direct du fabricant. Acheter en ce moment!","inLanguage":"fr-FR","potentialAction":[{"@type":"ReadAction","target":["https:\/\/www.greenenergywoodpellets.com\/fr\/granules-de-bois\/"]}]},{"@type":"WebSite","@id":"https:\/\/www.greenenergywoodpellets.com\/fr\/#website","url":"https:\/\/www.greenenergywoodpellets.com\/fr\/","name":"Green Energy Wood Pellets","description":"Green Energy Wood Pellets","potentialAction":[{"@type":"SearchAction","target":{"@type":"EntryPoint","urlTemplate":"https:\/\/www.greenenergywoodpellets.com\/fr\/?s={search_term_string}"},"query-input":{"@type":"PropertyValueSpecification","valueRequired":true,"valueName":"search_term_string"}}],"inLanguage":"fr-FR"}]}},"_links":{"self":[{"href":"https:\/\/www.greenenergywoodpellets.com\/fr\/wp-json\/wp\/v2\/pages\/1536","targetHints":{"allow":["GET"]}}],"collection":[{"href":"https:\/\/www.greenenergywoodpellets.com\/fr\/wp-json\/wp\/v2\/pages"}],"about":[{"href":"https:\/\/www.greenenergywoodpellets.com\/fr\/wp-json\/wp\/v2\/types\/page"}],"author":[{"embeddable":true,"href":"https:\/\/www.greenenergywoodpellets.com\/fr\/wp-json\/wp\/v2\/users\/4"}],"replies":[{"embeddable":true,"href":"https:\/\/www.greenenergywoodpellets.com\/fr\/wp-json\/wp\/v2\/comments?post=1536"}],"version-history":[{"count":1,"href":"https:\/\/www.greenenergywoodpellets.com\/fr\/wp-json\/wp\/v2\/pages\/1536\/revisions"}],"predecessor-version":[{"id":1537,"href":"https:\/\/www.greenenergywoodpellets.com\/fr\/wp-json\/wp\/v2\/pages\/1536\/revisions\/1537"}],"wp:attachment":[{"href":"https:\/\/www.greenenergywoodpellets.com\/fr\/wp-json\/wp\/v2\/media?parent=1536"}],"curies":[{"name":"wp","href":"https:\/\/api.w.org\/{rel}","templated":true}]}}