{"id":723,"date":"2024-08-26T13:38:59","date_gmt":"2024-08-26T11:38:59","guid":{"rendered":"https:\/\/www.greenenergywoodpellets.com\/?page_id=723"},"modified":"2025-11-10T12:12:10","modified_gmt":"2025-11-10T11:12:10","slug":"commandez-directement-des-granules-de-bois-green-energy","status":"publish","type":"page","link":"https:\/\/www.greenenergywoodpellets.com\/fr\/commandez-directement-des-granules-de-bois-green-energy\/","title":{"rendered":"Commandez directement des granul\u00e9s de bois Green Energy"},"content":{"rendered":"","protected":false},"excerpt":{"rendered":"","protected":false},"author":1,"featured_media":0,"parent":0,"menu_order":0,"comment_status":"closed","ping_status":"closed","template":"template-bestellen.php","meta":{"_acf_changed":false,"footnotes":""},"class_list":["post-723","page","type-page","status-publish","hentry"],"acf":[],"yoast_head":"<!-- This site is optimized with the Yoast SEO plugin v27.2 - https:\/\/yoast.com\/product\/yoast-seo-wordpress\/ -->\n<title>Commandez directement des granul\u00e9s de bois Green Energy - Green Energy Wood Pellets<\/title>\n<meta name=\"description\" content=\"3x les granul\u00e9s de bois de la meilleure qualit\u00e9, directement du fabricant, livraison rapide, points d&#039;enl\u00e8vement aux Pays-Bas et en Belgique.\" \/>\n<meta name=\"robots\" content=\"index, follow, max-snippet:-1, max-image-preview:large, max-video-preview:-1\" \/>\n<link rel=\"canonical\" href=\"https:\/\/www.greenenergywoodpellets.com\/fr\/commandez-directement-des-granules-de-bois-green-energy\/\" \/>\n<meta property=\"og:locale\" content=\"fr_FR\" \/>\n<meta property=\"og:type\" content=\"article\" \/>\n<meta property=\"og:title\" content=\"Commandez directement des granul\u00e9s de bois Green Energy - Green Energy Wood Pellets\" \/>\n<meta property=\"og:description\" content=\"3x les granul\u00e9s de bois de la meilleure qualit\u00e9, directement du fabricant, livraison rapide, points d&#039;enl\u00e8vement aux Pays-Bas et en Belgique.\" \/>\n<meta property=\"og:url\" content=\"https:\/\/www.greenenergywoodpellets.com\/fr\/commandez-directement-des-granules-de-bois-green-energy\/\" \/>\n<meta property=\"og:site_name\" content=\"Green Energy Wood Pellets\" \/>\n<meta property=\"article:modified_time\" content=\"2025-11-10T11:12:10+00:00\" \/>\n<meta name=\"twitter:card\" content=\"summary_large_image\" \/>\n<meta name=\"twitter:label1\" content=\"Dur\u00e9e de lecture estim\u00e9e\" \/>\n\t<meta name=\"twitter:data1\" content=\"3 minutes\" \/>\n<!-- \/ Yoast SEO plugin. -->","yoast_head_json":{"title":"Commandez directement des granul\u00e9s de bois Green Energy - Green Energy Wood Pellets","description":"3x les granul\u00e9s de bois de la meilleure qualit\u00e9, directement du fabricant, livraison rapide, points d'enl\u00e8vement aux Pays-Bas et en Belgique.","robots":{"index":"index","follow":"follow","max-snippet":"max-snippet:-1","max-image-preview":"max-image-preview:large","max-video-preview":"max-video-preview:-1"},"canonical":"https:\/\/www.greenenergywoodpellets.com\/fr\/commandez-directement-des-granules-de-bois-green-energy\/","og_locale":"fr_FR","og_type":"article","og_title":"Commandez directement des granul\u00e9s de bois Green Energy - Green Energy Wood Pellets","og_description":"3x les granul\u00e9s de bois de la meilleure qualit\u00e9, directement du fabricant, livraison rapide, points d'enl\u00e8vement aux Pays-Bas et en Belgique.","og_url":"https:\/\/www.greenenergywoodpellets.com\/fr\/commandez-directement-des-granules-de-bois-green-energy\/","og_site_name":"Green Energy Wood Pellets","article_modified_time":"2025-11-10T11:12:10+00:00","twitter_card":"summary_large_image","twitter_misc":{"Dur\u00e9e de lecture estim\u00e9e":"3 minutes"},"schema":{"@context":"https:\/\/schema.org","@graph":[{"@type":"WebPage","@id":"https:\/\/www.greenenergywoodpellets.com\/fr\/commandez-directement-des-granules-de-bois-green-energy\/","url":"https:\/\/www.greenenergywoodpellets.com\/fr\/commandez-directement-des-granules-de-bois-green-energy\/","name":"Commandez directement des granul\u00e9s de bois Green Energy - Green Energy Wood Pellets","isPartOf":{"@id":"https:\/\/www.greenenergywoodpellets.com\/fr\/#website"},"datePublished":"2024-08-26T11:38:59+00:00","dateModified":"2025-11-10T11:12:10+00:00","description":"3x les granul\u00e9s de bois de la meilleure qualit\u00e9, directement du fabricant, livraison rapide, points d'enl\u00e8vement aux Pays-Bas et en Belgique.","inLanguage":"fr-FR","potentialAction":[{"@type":"ReadAction","target":["https:\/\/www.greenenergywoodpellets.com\/fr\/commandez-directement-des-granules-de-bois-green-energy\/"]}]},{"@type":"WebSite","@id":"https:\/\/www.greenenergywoodpellets.com\/fr\/#website","url":"https:\/\/www.greenenergywoodpellets.com\/fr\/","name":"Green Energy Wood Pellets","description":"Green Energy Wood Pellets","potentialAction":[{"@type":"SearchAction","target":{"@type":"EntryPoint","urlTemplate":"https:\/\/www.greenenergywoodpellets.com\/fr\/?s={search_term_string}"},"query-input":{"@type":"PropertyValueSpecification","valueRequired":true,"valueName":"search_term_string"}}],"inLanguage":"fr-FR"}]}},"_links":{"self":[{"href":"https:\/\/www.greenenergywoodpellets.com\/fr\/wp-json\/wp\/v2\/pages\/723","targetHints":{"allow":["GET"]}}],"collection":[{"href":"https:\/\/www.greenenergywoodpellets.com\/fr\/wp-json\/wp\/v2\/pages"}],"about":[{"href":"https:\/\/www.greenenergywoodpellets.com\/fr\/wp-json\/wp\/v2\/types\/page"}],"author":[{"embeddable":true,"href":"https:\/\/www.greenenergywoodpellets.com\/fr\/wp-json\/wp\/v2\/users\/1"}],"replies":[{"embeddable":true,"href":"https:\/\/www.greenenergywoodpellets.com\/fr\/wp-json\/wp\/v2\/comments?post=723"}],"version-history":[{"count":15,"href":"https:\/\/www.greenenergywoodpellets.com\/fr\/wp-json\/wp\/v2\/pages\/723\/revisions"}],"predecessor-version":[{"id":4355,"href":"https:\/\/www.greenenergywoodpellets.com\/fr\/wp-json\/wp\/v2\/pages\/723\/revisions\/4355"}],"wp:attachment":[{"href":"https:\/\/www.greenenergywoodpellets.com\/fr\/wp-json\/wp\/v2\/media?parent=723"}],"curies":[{"name":"wp","href":"https:\/\/api.w.org\/{rel}","templated":true}]}}